{"id":2,"date":"2015-07-10T12:10:52","date_gmt":"2015-07-10T10:10:52","guid":{"rendered":"http:\/\/www.kindergarten-stjosef.at\/?page_id=2"},"modified":"2020-02-06T10:21:42","modified_gmt":"2020-02-06T09:21:42","slug":"beispiel-seite","status":"publish","type":"page","link":"https:\/\/www.kindergarten-stjosef.at\/","title":{"rendered":"Wir \u00fcber uns"},"content":{"rendered":"\n<figure class=\"wp-block-image size-large\"><img fetchpriority=\"high\" decoding=\"async\" width=\"1115\" height=\"733\" src=\"http:\/\/www.kindergarten-stjosef.at\/wp-content\/uploads\/2017\/04\/Mitarbeiterinnen-2017_18.bmp\" alt=\"\" class=\"wp-image-442\"\/><figcaption>Unser Team<\/figcaption><\/figure>\n\n\n<h2>WAS WOLLEN WIR? (Inhalte, Schwerpunkte, Methoden)<\/h2>\n<p><\/p>\n<p>&#8222;Uns ist wichtig, dass das Kind mit seinen Bed\u00fcrfnissen immer im Vordergrund steht!&#8220;<\/p>\n<p>Daraus ergeben sich folgende SCHWERPUNKTE:<\/p>\n<blockquote>\n<p>SOZIALES LERNEN: wir arbeiten mit der Schule St. Josef (Sch\u00fclerinnen f\u00fchren mit den Kindern verschiedene Projekte durch) und mit dem Alten- und Pflegeheim St. Josef (gemeinsame Feste feiern) zusammen. H\u00f6hepunkte des Kindergartenjahres sind die religi\u00f6sen Feste.<\/p>\n<\/blockquote>\n<blockquote>\n<p>MUSIKALISCH \/ KREATIV \/ K\u00dcNSTLERISCHERBEREICH: einmal w\u00f6chentlich findet musikalische Fr\u00fcherziehung (Musikschulwerk) statt. Au\u00dferdem bieten wir den Kindern viele verschiedene Materialien und Techniken zum selbst\u00e4ndigen H\u00e4mmern und Nageln an.<\/p>\n<\/blockquote>\n<blockquote>\n<p>Einmal w\u00f6chentlich kommt Herr Dave Rempel vom Mortimer Englisch Club in den Kindergarten, um mit den Kindern ENGLISCH zu lernen.<\/p>\n<\/blockquote>\n<blockquote>\n<p>NATUR: auf Grund des riesigen Gartens, k\u00f6nnen wir den Kindern vielseitige Naturerlebnisse erm\u00f6glichen (Ausfl\u00fcge im Klostergel\u00e4nde, Naturbeobachtungen,&#8230;)<\/p>\n<\/blockquote>\n<blockquote>\n<p>SELBST\u00c4NDIGKEITSERZIEHUNG: durch einen partnerschaftlichen Erziehungsstil (selbst\u00e4ndiges, freies Arbeiten, eigenverantwortliches Handeln) werden die Kinder angeregt selbst Entscheidungen zu treffen.<\/p>\n<\/blockquote>\n<p>Aufgrund der geringen Kinderzahl (nur eine Gruppe), zwei ausgebildeten Kindergartenp\u00e4dagoginnen, einer Kindergartenhelferin und einer Sprachp\u00e4dagogin k\u00f6nnen wir auf die Bed\u00fcrfnisse der Kinder speziell eingehen (Gruppe oft in Kleingruppen teilen, alters- oder interessenspezifisch)<\/p>\n<p>&#8222;Auf eine gute Zusammenarbeit mit den Eltern unserer Kinder legen wir gro\u00dfen Wert!&#8220;<\/p>","protected":false},"excerpt":{"rendered":"<p>WAS WOLLEN WIR? (Inhalte, Schwerpunkte, Methoden) &#8222;Uns ist wichtig, dass das Kind mit seinen Bed\u00fcrfnissen immer im Vordergrund steht!&#8220; Daraus ergeben sich folgende SCHWERPUNKTE: SOZIALES LERNEN: wir arbeiten mit der Schule St. Josef (Sch\u00fclerinnen f\u00fchren mit den Kindern verschiedene Projekte durch) und mit dem Alten- und Pflegeheim St. Josef (gemeinsame Feste feiern) zusammen. H\u00f6hepunkte des [&hellip;]<\/p>\n","protected":false},"author":1,"featured_media":0,"parent":0,"menu_order":1,"comment_status":"closed","ping_status":"closed","template":"","meta":{"footnotes":""},"class_list":["post-2","page","type-page","status-publish","hentry"],"_links":{"self":[{"href":"https:\/\/www.kindergarten-stjosef.at\/index.php?rest_route=\/wp\/v2\/pages\/2","targetHints":{"allow":["GET"]}}],"collection":[{"href":"https:\/\/www.kindergarten-stjosef.at\/index.php?rest_route=\/wp\/v2\/pages"}],"about":[{"href":"https:\/\/www.kindergarten-stjosef.at\/index.php?rest_route=\/wp\/v2\/types\/page"}],"author":[{"embeddable":true,"href":"https:\/\/www.kindergarten-stjosef.at\/index.php?rest_route=\/wp\/v2\/users\/1"}],"replies":[{"embeddable":true,"href":"https:\/\/www.kindergarten-stjosef.at\/index.php?rest_route=%2Fwp%2Fv2%2Fcomments&post=2"}],"version-history":[{"count":4,"href":"https:\/\/www.kindergarten-stjosef.at\/index.php?rest_route=\/wp\/v2\/pages\/2\/revisions"}],"predecessor-version":[{"id":626,"href":"https:\/\/www.kindergarten-stjosef.at\/index.php?rest_route=\/wp\/v2\/pages\/2\/revisions\/626"}],"wp:attachment":[{"href":"https:\/\/www.kindergarten-stjosef.at\/index.php?rest_route=%2Fwp%2Fv2%2Fmedia&parent=2"}],"curies":[{"name":"wp","href":"https:\/\/api.w.org\/{rel}","templated":true}]}}